{"id":91,"date":"2020-11-27T08:32:55","date_gmt":"2020-11-27T08:32:55","guid":{"rendered":"https:\/\/winter-zeichnungsteile.at\/?page_id=91"},"modified":"2020-12-09T07:56:40","modified_gmt":"2020-12-09T07:56:40","slug":"impressum","status":"publish","type":"page","link":"https:\/\/winter-zeichnungsteile.at\/index.php\/impressum\/","title":{"rendered":"Impressum"},"content":{"rendered":"<h2>\n\t\tImpressum\n\t<\/h2>\n\t<p>Informationspflicht laut \u00a75 E-Commerce Gesetz, \u00a714 Unternehmensgesetzbuch, \u00a763 Gewerbeordnung und Offenlegungspflicht laut \u00a725 Mediengesetz.<\/p>\nIng. Richard Winter<br \/>\nStahl Consult e.U.\n<p>Tel.: +43 664 21 299 21<\/p>\n<p>stahlconsult@winter-zeichnungsteile.at<\/p>\n<p>UID AT U19795504<\/p>\n<p>Firmenbuch: FN 142126i \u2013 LG St. P\u00f6lten<\/p>\n<p>Mitglied bei: Wirtschaftskammer Nieder\u00f6sterreich<\/p>\nAufsichtsbeh\u00f6rde\/Gewerbebeh\u00f6rde: Magistrat der Stadt St. P\u00f6lten<br \/>\nBerufsbezeichnung: Handelsagent gem. \u00a7 103 Abs.1 lit.b Ziff.24 der GewO 1973\n<p><b>Haftung f\u00fcr Inhalte dieser Webseite<\/b><\/p>\n<p>Wir entwickeln die Inhalte dieser Webseite st\u00e4ndig weiter und bem\u00fchen uns korrekte und aktuelle Informationen bereitzustellen. Leider k\u00f6nnen wir keine Haftung f\u00fcr die Korrektheit aller Inhalte auf dieser Webseite \u00fcbernehmen, speziell f\u00fcr jene die seitens Dritter bereitgestellt wurden.<\/p>\n<p>Sollten Ihnen problematische oder rechtswidrige Inhalte auffallen, bitten wir Sie uns umgehend zu kontaktieren, Sie finden die Kontaktdaten im Impressum.<\/p>\n<p><b>Haftung f\u00fcr Links auf dieser Webseite<\/b><\/p>\n<p>Unsere Webseite enth\u00e4lt Links zu anderen Webseiten f\u00fcr deren Inhalt wir nicht verantwortlich sind. Haftung f\u00fcr verlinkte Websites besteht laut \u00a7 17 ECG f\u00fcr uns nicht, da wir keine Kenntnis rechtswidriger T\u00e4tigkeiten hatten und haben, uns solche Rechtswidrigkeiten auch bisher nicht aufgefallen sind und wir Links sofort entfernen w\u00fcrden, wenn uns Rechtswidrigkeiten bekannt werden.<\/p>\nWenn Ihnen rechtswidrige Links auf unserer Website auffallen, bitten wir Sie uns zu kontaktieren, Sie finden die Kontaktdaten im Impressum.<br \/>\nUrheberrechtshinweis\nAlle Inhalte dieser Webseite (Bilder, Fotos, Texte, Videos) unterliegen dem Urheberrecht. Falls notwendig, werden wir die unerlaubte Nutzung von Teilen der Inhalte unserer Seite rechtlich verfolgen.<br \/>\nBildernachweis\n","protected":false},"excerpt":{"rendered":"<p>Impressum Informationspflicht laut \u00a75 E-Commerce Gesetz, \u00a714 Unternehmensgesetzbuch, \u00a763 Gewerbeordnung und Offenlegungspflicht laut \u00a725 Mediengesetz. Ing. Richard Winter Stahl Consult e.U. Tel.: +43 664 21 299 21 stahlconsult@winter-zeichnungsteile.at UID AT U19795504 Firmenbuch: FN 142126i \u2013 LG St. P\u00f6lten Mitglied bei: Wirtschaftskammer Nieder\u00f6sterreich Aufsichtsbeh\u00f6rde\/Gewerbebeh\u00f6rde: Magistrat der Stadt St. P\u00f6lten Berufsbezeichnung: Handelsagent gem. \u00a7 103 Abs.1 lit.b&hellip;<\/p>\n","protected":false},"author":1,"featured_media":0,"parent":0,"menu_order":0,"comment_status":"closed","ping_status":"closed","template":"","meta":[],"yoast_head":"<!-- This site is optimized with the Yoast SEO plugin v15.3 - https:\/\/yoast.com\/wordpress\/plugins\/seo\/ -->\n<title>Impressum - Ing. Richard Winter Stahl Consult e.U.<\/title>\n<meta name=\"robots\" content=\"index, follow, max-snippet:-1, max-image-preview:large, max-video-preview:-1\" \/>\n<link rel=\"canonical\" href=\"https:\/\/winter-zeichnungsteile.at\/index.php\/impressum\/\" \/>\n<meta property=\"og:locale\" content=\"de_DE\" \/>\n<meta property=\"og:type\" content=\"article\" \/>\n<meta property=\"og:title\" content=\"Impressum - Ing. Richard Winter Stahl Consult e.U.\" \/>\n<meta property=\"og:description\" content=\"Impressum Informationspflicht laut \u00a75 E-Commerce Gesetz, \u00a714 Unternehmensgesetzbuch, \u00a763 Gewerbeordnung und Offenlegungspflicht laut \u00a725 Mediengesetz. Ing. Richard Winter Stahl Consult e.U. Tel.: +43 664 21 299 21 stahlconsult@winter-zeichnungsteile.at UID AT U19795504 Firmenbuch: FN 142126i \u2013 LG St. P\u00f6lten Mitglied bei: Wirtschaftskammer Nieder\u00f6sterreich Aufsichtsbeh\u00f6rde\/Gewerbebeh\u00f6rde: Magistrat der Stadt St. P\u00f6lten Berufsbezeichnung: Handelsagent gem. \u00a7 103 Abs.1 lit.b&hellip;\" \/>\n<meta property=\"og:url\" content=\"https:\/\/winter-zeichnungsteile.at\/index.php\/impressum\/\" \/>\n<meta property=\"og:site_name\" content=\"Ing. Richard Winter Stahl Consult e.U.\" \/>\n<meta property=\"article:modified_time\" content=\"2020-12-09T07:56:40+00:00\" \/>\n<meta name=\"twitter:card\" content=\"summary_large_image\" \/>\n<meta name=\"twitter:label1\" content=\"Written by\">\n\t<meta name=\"twitter:data1\" content=\"admin\">\n\t<meta name=\"twitter:label2\" content=\"Est. reading time\">\n\t<meta name=\"twitter:data2\" content=\"1 Minute\">\n<script type=\"application\/ld+json\" class=\"yoast-schema-graph\">{\"@context\":\"https:\/\/schema.org\",\"@graph\":[{\"@type\":\"WebSite\",\"@id\":\"https:\/\/winter-zeichnungsteile.at\/#website\",\"url\":\"https:\/\/winter-zeichnungsteile.at\/\",\"name\":\"Ing. Richard Winter Stahl Consult e.U.\",\"description\":\"Zeichnungsteile\",\"potentialAction\":[{\"@type\":\"SearchAction\",\"target\":\"https:\/\/winter-zeichnungsteile.at\/?s={search_term_string}\",\"query-input\":\"required name=search_term_string\"}],\"inLanguage\":\"de-AT\"},{\"@type\":\"WebPage\",\"@id\":\"https:\/\/winter-zeichnungsteile.at\/index.php\/impressum\/#webpage\",\"url\":\"https:\/\/winter-zeichnungsteile.at\/index.php\/impressum\/\",\"name\":\"Impressum - Ing. Richard Winter Stahl Consult e.U.\",\"isPartOf\":{\"@id\":\"https:\/\/winter-zeichnungsteile.at\/#website\"},\"datePublished\":\"2020-11-27T08:32:55+00:00\",\"dateModified\":\"2020-12-09T07:56:40+00:00\",\"inLanguage\":\"de-AT\",\"potentialAction\":[{\"@type\":\"ReadAction\",\"target\":[\"https:\/\/winter-zeichnungsteile.at\/index.php\/impressum\/\"]}]}]}<\/script>\n<!-- \/ Yoast SEO plugin. -->","_links":{"self":[{"href":"https:\/\/winter-zeichnungsteile.at\/index.php\/wp-json\/wp\/v2\/pages\/91"}],"collection":[{"href":"https:\/\/winter-zeichnungsteile.at\/index.php\/wp-json\/wp\/v2\/pages"}],"about":[{"href":"https:\/\/winter-zeichnungsteile.at\/index.php\/wp-json\/wp\/v2\/types\/page"}],"author":[{"embeddable":true,"href":"https:\/\/winter-zeichnungsteile.at\/index.php\/wp-json\/wp\/v2\/users\/1"}],"replies":[{"embeddable":true,"href":"https:\/\/winter-zeichnungsteile.at\/index.php\/wp-json\/wp\/v2\/comments?post=91"}],"version-history":[{"count":7,"href":"https:\/\/winter-zeichnungsteile.at\/index.php\/wp-json\/wp\/v2\/pages\/91\/revisions"}],"predecessor-version":[{"id":121,"href":"https:\/\/winter-zeichnungsteile.at\/index.php\/wp-json\/wp\/v2\/pages\/91\/revisions\/121"}],"wp:attachment":[{"href":"https:\/\/winter-zeichnungsteile.at\/index.php\/wp-json\/wp\/v2\/media?parent=91"}],"curies":[{"name":"wp","href":"https:\/\/api.w.org\/{rel}","templated":true}]}}